{"id":15,"date":"2023-11-27T03:39:23","date_gmt":"2023-11-27T03:39:23","guid":{"rendered":"https:\/\/freightindicators.be\/?page_id=15"},"modified":"2026-01-15T08:44:00","modified_gmt":"2026-01-15T08:14:00","slug":"about","status":"publish","type":"page","link":"https:\/\/freightindicators.be\/fr\/about\/","title":{"rendered":"\u00c0 Propos De Nous"},"content":{"rendered":"<div data-elementor-type=\"wp-page\" data-elementor-id=\"15\" class=\"elementor elementor-15\" data-elementor-post-type=\"page\">\n\t\t\t\t<div class=\"elementor-element elementor-element-4c784bdc e-flex e-con-boxed e-con e-parent\" data-id=\"4c784bdc\" data-element_type=\"container\" data-e-type=\"container\">\n\t\t\t\t\t<div class=\"e-con-inner\">\n\t\t\t\t\t<\/div>\n\t\t\t\t<\/div>\n\t\t<div class=\"elementor-element elementor-element-e240f77 e-grid e-con-boxed e-con e-parent\" data-id=\"e240f77\" data-element_type=\"container\" data-e-type=\"container\">\n\t\t\t\t\t<div class=\"e-con-inner\">\n\t\t\t\t<div class=\"elementor-element elementor-element-94d980e elementor-widget elementor-widget-image\" data-id=\"94d980e\" data-element_type=\"widget\" data-e-type=\"widget\" data-widget_type=\"image.default\">\n\t\t\t\t<div class=\"elementor-widget-container\">\n\t\t\t\t\t\t\t\t\t\t\t\t\t\t\t<img fetchpriority=\"high\" decoding=\"async\" width=\"640\" height=\"350\" src=\"https:\/\/freightindicators.be\/wp-content\/uploads\/2016\/02\/about2.jpg\" class=\"attachment-large size-large wp-image-1240\" alt=\"Our History\" srcset=\"https:\/\/freightindicators.be\/wp-content\/uploads\/2016\/02\/about2.jpg 640w, https:\/\/freightindicators.be\/wp-content\/uploads\/2016\/02\/about2-300x164.jpg 300w\" sizes=\"(max-width: 640px) 100vw, 640px\" \/>\t\t\t\t\t\t\t\t\t\t\t\t\t\t\t<\/div>\n\t\t\t\t<\/div>\n\t\t\t\t<div class=\"elementor-element elementor-element-5913939f elementor-widget elementor-widget-text-editor\" data-id=\"5913939f\" data-element_type=\"widget\" data-e-type=\"widget\" data-widget_type=\"text-editor.default\">\n\t\t\t\t<div class=\"elementor-widget-container\">\n\t\t\t\t\t\t\t\t\t<p><\/p>\n<p>Chez Freight Indicators, notre mission est d\u2019\u00eatre le partenaire id\u00e9al pour vos solutions de suivi logistique, combinant des \u00e9quipements de suivi fiables et de haute qualit\u00e9 avec des conseils sur mesure.<\/p>\n<p>La mise en \u0153uvre de nos produits et services aidera non seulement \u00e0 d\u00e9tecter les dommages, mais \u00e9galement \u00e0 pr\u00e9venir une manipulation imprudente de vos marchandises. De plus, cela r\u00e9duira vos co\u00fbts et augmentera la satisfaction de vos clients.<\/p>\n<p><\/p>\t\t\t\t\t\t\t\t<\/div>\n\t\t\t\t<\/div>\n\t\t\t\t\t<\/div>\n\t\t\t\t<\/div>\n\t\t\t\t<\/div>","protected":false},"excerpt":{"rendered":"<p>Bij Freight Indicators is het onze missie om de juiste partner te zijn voor uw logistieke monitoringoplossingen waarbij hoogwaardige en betrouwbare monitoringapparatuur wordt gecombineerd met advies op maat. Het implementeren &#8230;<\/p>","protected":false},"author":1,"featured_media":0,"parent":0,"menu_order":0,"comment_status":"closed","ping_status":"closed","template":"","meta":{"footnotes":""},"class_list":["post-15","page","type-page","status-publish","hentry"],"yoast_head":"<!-- This site is optimized with the Yoast SEO Premium plugin v27.0 (Yoast SEO v27.2) - https:\/\/yoast.com\/product\/yoast-seo-premium-wordpress\/ -->\n<title>Over Ons - Uw Partner in Transportmonitoring<\/title>\n<meta name=\"description\" content=\"Leer meer over Freight Indicators, uw betrouwbare partner in transportmonitoring. Ontdek onze missie, visie en toewijding aan het leveren van hoogwaardige schok -en kantelindicatoren alsook andere monitoringoplossingen.\" \/>\n<meta name=\"robots\" content=\"index, follow, max-snippet:-1, max-image-preview:large, max-video-preview:-1\" \/>\n<link rel=\"canonical\" href=\"https:\/\/freightindicators.be\/fr\/about\/\" \/>\n<meta property=\"og:locale\" content=\"fr_FR\" \/>\n<meta property=\"og:type\" content=\"article\" \/>\n<meta property=\"og:title\" content=\"Over Ons\" \/>\n<meta property=\"og:description\" content=\"Leer meer over Freight Indicators, uw betrouwbare partner in transportmonitoring. Ontdek onze missie, visie en toewijding aan het leveren van hoogwaardige schok -en kantelindicatoren alsook andere monitoringoplossingen.\" \/>\n<meta property=\"og:url\" content=\"https:\/\/freightindicators.be\/fr\/about\/\" \/>\n<meta property=\"og:site_name\" content=\"Freight Indicators\" \/>\n<meta property=\"article:modified_time\" content=\"2026-01-15T08:14:00+00:00\" \/>\n<meta property=\"og:image\" content=\"https:\/\/freightindicators.be\/wp-content\/uploads\/2016\/02\/about2.jpg\" \/>\n<meta name=\"twitter:card\" content=\"summary_large_image\" \/>\n<meta name=\"twitter:label1\" content=\"Dur\u00e9e de lecture est.\" \/>\n\t<meta name=\"twitter:data1\" content=\"1 minute\" \/>\n<script type=\"application\/ld+json\" class=\"yoast-schema-graph\">{\"@context\":\"https:\/\/schema.org\",\"@graph\":[{\"@type\":\"WebPage\",\"@id\":\"https:\/\/freightindicators.be\/about\/\",\"url\":\"https:\/\/freightindicators.be\/about\/\",\"name\":\"Over Ons - Uw Partner in Transportmonitoring\",\"isPartOf\":{\"@id\":\"https:\/\/freightindicators.be\/nl\/#website\"},\"primaryImageOfPage\":{\"@id\":\"https:\/\/freightindicators.be\/about\/#primaryimage\"},\"image\":{\"@id\":\"https:\/\/freightindicators.be\/about\/#primaryimage\"},\"thumbnailUrl\":\"https:\/\/freightindicators.be\/wp-content\/uploads\/2016\/02\/about2.jpg\",\"datePublished\":\"2023-11-27T03:39:23+00:00\",\"dateModified\":\"2026-01-15T08:14:00+00:00\",\"description\":\"Leer meer over Freight Indicators, uw betrouwbare partner in transportmonitoring. Ontdek onze missie, visie en toewijding aan het leveren van hoogwaardige schok -en kantelindicatoren alsook andere monitoringoplossingen.\",\"breadcrumb\":{\"@id\":\"https:\/\/freightindicators.be\/about\/#breadcrumb\"},\"inLanguage\":\"fr-BE\",\"potentialAction\":[{\"@type\":\"ReadAction\",\"target\":[\"https:\/\/freightindicators.be\/about\/\"]}]},{\"@type\":\"ImageObject\",\"inLanguage\":\"fr-BE\",\"@id\":\"https:\/\/freightindicators.be\/about\/#primaryimage\",\"url\":\"https:\/\/freightindicators.be\/wp-content\/uploads\/2016\/02\/about2.jpg\",\"contentUrl\":\"https:\/\/freightindicators.be\/wp-content\/uploads\/2016\/02\/about2.jpg\"},{\"@type\":\"BreadcrumbList\",\"@id\":\"https:\/\/freightindicators.be\/about\/#breadcrumb\",\"itemListElement\":[{\"@type\":\"ListItem\",\"position\":1,\"name\":\"Home\",\"item\":\"https:\/\/freightindicators.be\/\"},{\"@type\":\"ListItem\",\"position\":2,\"name\":\"Over Ons\"}]},{\"@type\":\"WebSite\",\"@id\":\"https:\/\/freightindicators.be\/nl\/#website\",\"url\":\"https:\/\/freightindicators.be\/nl\/\",\"name\":\"Freight Indicators\",\"description\":\"Revealing Impact, Redefining Reliability\",\"publisher\":{\"@id\":\"https:\/\/freightindicators.be\/nl\/#organization\"},\"potentialAction\":[{\"@type\":\"SearchAction\",\"target\":{\"@type\":\"EntryPoint\",\"urlTemplate\":\"https:\/\/freightindicators.be\/nl\/?s={search_term_string}\"},\"query-input\":{\"@type\":\"PropertyValueSpecification\",\"valueRequired\":true,\"valueName\":\"search_term_string\"}}],\"inLanguage\":\"fr-BE\"},{\"@type\":\"Organization\",\"@id\":\"https:\/\/freightindicators.be\/nl\/#organization\",\"name\":\"Freight Indicators\",\"url\":\"https:\/\/freightindicators.be\/nl\/\",\"logo\":{\"@type\":\"ImageObject\",\"inLanguage\":\"fr-BE\",\"@id\":\"https:\/\/freightindicators.be\/nl\/#\/schema\/logo\/image\/\",\"url\":\"https:\/\/freightindicators.be\/wp-content\/uploads\/2023\/11\/logo-transparent.png\",\"contentUrl\":\"https:\/\/freightindicators.be\/wp-content\/uploads\/2023\/11\/logo-transparent.png\",\"width\":3564,\"height\":428,\"caption\":\"Freight Indicators\"},\"image\":{\"@id\":\"https:\/\/freightindicators.be\/nl\/#\/schema\/logo\/image\/\"}}]}<\/script>\n<!-- \/ Yoast SEO Premium plugin. -->","yoast_head_json":{"title":"\u00c0 Propos \u2013 Votre Partenaire en Suivi du Transport","description":"En savoir plus sur Freight Indicators, votre partenaire de confiance en suivi du transport. D\u00e9couvrez notre mission, notre vision et notre engagement \u00e0 fournir des indicateurs de choc et d\u2019inclinaison de haute qualit\u00e9 ainsi que d\u2019autres solutions de suivi.","robots":{"index":"index","follow":"follow","max-snippet":"max-snippet:-1","max-image-preview":"max-image-preview:large","max-video-preview":"max-video-preview:-1"},"canonical":"https:\/\/freightindicators.be\/fr\/about\/","og_locale":"fr_FR","og_type":"article","og_title":"Over Ons","og_description":"Leer meer over Freight Indicators, uw betrouwbare partner in transportmonitoring. Ontdek onze missie, visie en toewijding aan het leveren van hoogwaardige schok -en kantelindicatoren alsook andere monitoringoplossingen.","og_url":"https:\/\/freightindicators.be\/fr\/about\/","og_site_name":"Freight Indicators","article_modified_time":"2026-01-15T08:14:00+00:00","og_image":[{"url":"https:\/\/freightindicators.be\/wp-content\/uploads\/2016\/02\/about2.jpg","type":"","width":"","height":""}],"twitter_card":"summary_large_image","twitter_misc":{"Dur\u00e9e de lecture est.":"1 minute"},"schema":{"@context":"https:\/\/schema.org","@graph":[{"@type":"WebPage","@id":"https:\/\/freightindicators.be\/about\/","url":"https:\/\/freightindicators.be\/about\/","name":"\u00c0 Propos \u2013 Votre Partenaire en Suivi du Transport","isPartOf":{"@id":"https:\/\/freightindicators.be\/nl\/#website"},"primaryImageOfPage":{"@id":"https:\/\/freightindicators.be\/about\/#primaryimage"},"image":{"@id":"https:\/\/freightindicators.be\/about\/#primaryimage"},"thumbnailUrl":"https:\/\/freightindicators.be\/wp-content\/uploads\/2016\/02\/about2.jpg","datePublished":"2023-11-27T03:39:23+00:00","dateModified":"2026-01-15T08:14:00+00:00","description":"En savoir plus sur Freight Indicators, votre partenaire de confiance en suivi du transport. D\u00e9couvrez notre mission, notre vision et notre engagement \u00e0 fournir des indicateurs de choc et d\u2019inclinaison de haute qualit\u00e9 ainsi que d\u2019autres solutions de suivi.","breadcrumb":{"@id":"https:\/\/freightindicators.be\/about\/#breadcrumb"},"inLanguage":"fr-BE","potentialAction":[{"@type":"ReadAction","target":["https:\/\/freightindicators.be\/about\/"]}]},{"@type":"ImageObject","inLanguage":"fr-BE","@id":"https:\/\/freightindicators.be\/about\/#primaryimage","url":"https:\/\/freightindicators.be\/wp-content\/uploads\/2016\/02\/about2.jpg","contentUrl":"https:\/\/freightindicators.be\/wp-content\/uploads\/2016\/02\/about2.jpg"},{"@type":"BreadcrumbList","@id":"https:\/\/freightindicators.be\/about\/#breadcrumb","itemListElement":[{"@type":"ListItem","position":1,"name":"Home","item":"https:\/\/freightindicators.be\/"},{"@type":"ListItem","position":2,"name":"Over Ons"}]},{"@type":"WebSite","@id":"https:\/\/freightindicators.be\/nl\/#website","url":"https:\/\/freightindicators.be\/nl\/","name":"Freight Indicators","description":"Revealing Impact, Redefining Reliability","publisher":{"@id":"https:\/\/freightindicators.be\/nl\/#organization"},"potentialAction":[{"@type":"SearchAction","target":{"@type":"EntryPoint","urlTemplate":"https:\/\/freightindicators.be\/nl\/?s={search_term_string}"},"query-input":{"@type":"PropertyValueSpecification","valueRequired":true,"valueName":"search_term_string"}}],"inLanguage":"fr-BE"},{"@type":"Organization","@id":"https:\/\/freightindicators.be\/nl\/#organization","name":"Freight Indicators","url":"https:\/\/freightindicators.be\/nl\/","logo":{"@type":"ImageObject","inLanguage":"fr-BE","@id":"https:\/\/freightindicators.be\/nl\/#\/schema\/logo\/image\/","url":"https:\/\/freightindicators.be\/wp-content\/uploads\/2023\/11\/logo-transparent.png","contentUrl":"https:\/\/freightindicators.be\/wp-content\/uploads\/2023\/11\/logo-transparent.png","width":3564,"height":428,"caption":"Freight Indicators"},"image":{"@id":"https:\/\/freightindicators.be\/nl\/#\/schema\/logo\/image\/"}}]}},"_links":{"self":[{"href":"https:\/\/freightindicators.be\/fr\/wp-json\/wp\/v2\/pages\/15","targetHints":{"allow":["GET"]}}],"collection":[{"href":"https:\/\/freightindicators.be\/fr\/wp-json\/wp\/v2\/pages"}],"about":[{"href":"https:\/\/freightindicators.be\/fr\/wp-json\/wp\/v2\/types\/page"}],"author":[{"embeddable":true,"href":"https:\/\/freightindicators.be\/fr\/wp-json\/wp\/v2\/users\/1"}],"replies":[{"embeddable":true,"href":"https:\/\/freightindicators.be\/fr\/wp-json\/wp\/v2\/comments?post=15"}],"version-history":[{"count":0,"href":"https:\/\/freightindicators.be\/fr\/wp-json\/wp\/v2\/pages\/15\/revisions"}],"wp:attachment":[{"href":"https:\/\/freightindicators.be\/fr\/wp-json\/wp\/v2\/media?parent=15"}],"curies":[{"name":"wp","href":"https:\/\/api.w.org\/{rel}","templated":true}]}}